{"id":17580,"date":"2024-04-30T21:13:18","date_gmt":"2024-04-30T21:13:18","guid":{"rendered":"https:\/\/www.optiqueducours.com\/?page_id=17580"},"modified":"2025-06-05T07:51:11","modified_gmt":"2025-06-05T07:51:11","slug":"mentions-legales","status":"publish","type":"page","link":"https:\/\/www.optiqueducours.com\/?page_id=17580","title":{"rendered":"Mentions l\u00e9gales"},"content":{"rendered":"\t\t<div data-elementor-type=\"wp-page\" data-elementor-id=\"17580\" class=\"elementor elementor-17580\" data-elementor-post-type=\"page\">\n\t\t\t\t\t\t<section class=\"elementor-section elementor-top-section elementor-element elementor-element-57419b3d elementor-section-boxed elementor-section-height-default elementor-section-height-default\" data-id=\"57419b3d\" data-element_type=\"section\" data-e-type=\"section\">\n\t\t\t\t\t\t<div class=\"elementor-container elementor-column-gap-default\">\n\t\t\t\t\t<div class=\"elementor-column elementor-col-100 elementor-top-column elementor-element elementor-element-6038718d\" data-id=\"6038718d\" data-element_type=\"column\" data-e-type=\"column\">\n\t\t\t<div class=\"elementor-widget-wrap elementor-element-populated\">\n\t\t\t\t\t\t<div class=\"elementor-element elementor-element-37aa30fa elementor-widget elementor-widget-text-editor\" data-id=\"37aa30fa\" data-element_type=\"widget\" data-e-type=\"widget\" data-widget_type=\"text-editor.default\">\n\t\t\t\t<div class=\"elementor-widget-container\">\n\t\t\t\t\t\t\t\t\t\n<p>Conform\u00e9ment aux dispositions des articles 6-III et 19 de la Loi n\u00b0 2004-575 du 21 juin 2004 pour la Confiance dans l\u2019\u00e9conomie num\u00e9rique, dite L.C.E.N., nous portons \u00e0 la connaissance des utilisateurs et visiteurs du site :\u00a0 <a title=\"Accueil\" href=\"https:\/\/www.optiqueducours.com\/\">optiqueducours.com<\/a> les informations suivantes :<\/p>\n\n<p><strong>\u00c9DITEUR<\/strong><br \/>Le site <a title=\"Accueil\" href=\"https:\/\/www.optiqueducours.com\/\">optiqueducours.com<\/a> est la propri\u00e9t\u00e9 exclusive de\u00a0<strong>Optique Dubois<\/strong>, qui l\u2019\u00e9dite.<\/p>\n\n<p><strong>OPTIQUE DUBOIS<\/strong><\/p>\n\n<p>SASU au capital de<strong> 5 000 <\/strong>\u20ac T\u00e9l : <strong>04 42 24 21 67\u00a0&#8211; 18 Cours Marcel Br\u00e9mond 13 290 Les Milles<\/strong><\/p>\n\n<p>Immatricul\u00e9e au Registre du Commerce et des Soci\u00e9t\u00e9s d&#8217;Aix-en-Provence B 830 279 444\u00a0sous le num\u00e9ro <br \/><strong>83027944400020<\/strong><\/p>\n\n<p>Directeur de la publication :\u00a0<strong>Benjamin Dubois<\/strong><br \/>Contactez le responsable par courrier ou par t\u00e9l\u00e9phone :\u00a0<strong><strong>18 Cours Marcel Br\u00e9mond 13 290 Les Milles<\/strong> \u2013 T\u00e9l : <strong>04 42 24 21 67<\/strong><\/strong><\/p>\n\n<p><strong>H\u00c9BERGEMENT<\/strong><br \/>Le site est h\u00e9berg\u00e9 par <strong>o2switch<\/strong><br \/>222-224 Boulevard Gustave Flaubert<br \/>63000 Clermont-Ferrand<br \/>https:\/\/www.o2switch.fr<\/p>\n\n<p><strong>TRAITEMENT DES DONN\u00c9ES PERSONNELLES<\/strong><br \/>Nous nous engageons \u00e0 respecter les dispositions de la loi sur l\u2019informatique et les libert\u00e9s n\u00b078-17 du 6 janvier 1978. En cons\u00e9quence, vous disposez d\u2019un droit d\u2019acc\u00e8s, de modification, de rectification et de suppression des donn\u00e9es vous concernant et qui auront pu \u00eatre collect\u00e9es sur ce site.<\/p>\n\n<p>Pour exercer ce droit, adressez-vous par \u00e9crit \u00e0 :\u00a0<strong>Optique du cours<\/strong> <strong><strong>18 Cours Marcel Br\u00e9mond 13 290 Les Milles<\/strong><\/strong><\/p>\n\n<p><strong>PROPRIETE INTELLECTUELLE<\/strong><br \/>Les photos d\u2019illustration des diff\u00e9rentes marques de lunettes sont la propri\u00e9t\u00e9 des marques respectivement pr\u00e9sent\u00e9es sur le site <a title=\"Accueil\" href=\"https:\/\/www.optiqueducours.com\/\">optiqueducours.com<\/a><br \/>Le cas \u00e9ch\u00e9ant, les photos, logo, textes restants sont la propri\u00e9t\u00e9 de\u00a0<strong>Optique Dubois<\/strong>.<\/p>\n<p><strong>M\u00c9DIATEUR \u00c0 LA CONSOMMATION<br \/><\/strong>CM2C\u00a0<br \/>49 rue de Ponthieu &#8211; 75008 PARIS<br \/>Mail : cm2c@cm2c.net<br \/>T\u00e9l: 01.89.47.00.14<br \/>du lundi au vendredi de 9h00 \u00e0 12h00 et de 14h00 \u00e0 17h00<\/p>\n<p><strong>\u00a0<\/strong><\/p>\n\t\t\t\t\t\t\t\t<\/div>\n\t\t\t\t<\/div>\n\t\t\t\t\t<\/div>\n\t\t<\/div>\n\t\t\t\t\t<\/div>\n\t\t<\/section>\n\t\t\t\t<\/div>\n\t\t","protected":false},"excerpt":{"rendered":"<p>Conform\u00e9ment aux dispositions des articles 6-III et 19 de la Loi n\u00b0 2004-575 du 21 juin 2004 pour la Confiance dans l\u2019\u00e9conomie num\u00e9rique, dite L.C.E.N., nous portons \u00e0 la connaissance des utilisateurs et visiteurs du site :\u00a0 optiqueducours.com les informations suivantes : \u00c9DITEURLe site optiqueducours.com est la propri\u00e9t\u00e9 exclusive de\u00a0Optique Dubois, qui l\u2019\u00e9dite. OPTIQUE DUBOIS [&hellip;]<\/p>\n","protected":false},"author":1,"featured_media":0,"parent":0,"menu_order":0,"comment_status":"closed","ping_status":"closed","template":"","meta":{"_acf_changed":false,"_mi_skip_tracking":false,"_monsterinsights_sitenote_active":false,"_monsterinsights_sitenote_note":"","_monsterinsights_sitenote_category":0,"footnotes":""},"class_list":["post-17580","page","type-page","status-publish","hentry"],"acf":[],"aioseo_notices":[],"_links":{"self":[{"href":"https:\/\/www.optiqueducours.com\/index.php?rest_route=\/wp\/v2\/pages\/17580","targetHints":{"allow":["GET"]}}],"collection":[{"href":"https:\/\/www.optiqueducours.com\/index.php?rest_route=\/wp\/v2\/pages"}],"about":[{"href":"https:\/\/www.optiqueducours.com\/index.php?rest_route=\/wp\/v2\/types\/page"}],"author":[{"embeddable":true,"href":"https:\/\/www.optiqueducours.com\/index.php?rest_route=\/wp\/v2\/users\/1"}],"replies":[{"embeddable":true,"href":"https:\/\/www.optiqueducours.com\/index.php?rest_route=%2Fwp%2Fv2%2Fcomments&post=17580"}],"version-history":[{"count":6,"href":"https:\/\/www.optiqueducours.com\/index.php?rest_route=\/wp\/v2\/pages\/17580\/revisions"}],"predecessor-version":[{"id":17597,"href":"https:\/\/www.optiqueducours.com\/index.php?rest_route=\/wp\/v2\/pages\/17580\/revisions\/17597"}],"wp:attachment":[{"href":"https:\/\/www.optiqueducours.com\/index.php?rest_route=%2Fwp%2Fv2%2Fmedia&parent=17580"}],"curies":[{"name":"wp","href":"https:\/\/api.w.org\/{rel}","templated":true}]}}